{"id":2,"date":"2020-06-01T03:50:09","date_gmt":"2020-06-01T03:50:09","guid":{"rendered":"http:\/\/bijital.koray.software\/esse-metal\/?page_id=2"},"modified":"2022-09-07T13:50:44","modified_gmt":"2022-09-07T10:50:44","slug":"home","status":"publish","type":"page","link":"https:\/\/araloptik.com\/","title":{"rendered":"Home"},"content":{"rendered":"<p>[vc_row wrap_container=&#8221;yes&#8221; el_class=&#8221;section-angled-layer-bottom mb-5 mb-lg-0&#8243; css=&#8221;.vc_custom_1591089628316{background-color: #f4f4f4 !important;}&#8221;][vc_column el_class=&#8221;custom-select-slide active py-5&#8243; offset=&#8221;vc_col-md-4&#8243;][vc_custom_heading text=&#8221;Kaliteli Hizmet&#8221; font_container=&#8221;tag:h4|font_size:1.3125rem|text_align:left&#8221; use_theme_fonts=&#8221;yes&#8221; el_class=&#8221;mt-2&#8243;][vc_custom_heading text=&#8221;Hizmetlerimizde kaliteden \u00f6d\u00fcn vermeden \u00e7al\u0131\u015fmay\u0131 bir prensip olarak g\u00f6r\u00fcyoruz ve m\u00fc\u015fterilerimize kaliteli hizmet sunuyoruz.&#8221; font_container=&#8221;tag:p|text_align:left&#8221; use_theme_fonts=&#8221;yes&#8221; el_class=&#8221;mb-2&#8243;][\/vc_column][vc_column el_class=&#8221;custom-select-slide pt-lg-5 pb-5&#8243; offset=&#8221;vc_col-md-4&#8243;][vc_custom_heading text=&#8221;G\u00fcvenilir \u00dcr\u00fcnler&#8221; font_container=&#8221;tag:h4|font_size:1.3125rem|text_align:left&#8221; use_theme_fonts=&#8221;yes&#8221; el_class=&#8221;mt-lg-2&#8243;][vc_custom_heading text=&#8221;Can ve Mal g\u00fcvenli\u011fini her \u015feyin \u00fcst\u00fcnde tutarak<br \/>\n\u00e7al\u0131\u015fmalar\u0131m\u0131za devam ediyoruz ve g\u00fcvenilir \u00fcr\u00fcnler sat\u0131yoruz.&#8221; font_container=&#8221;tag:p|text_align:left&#8221; use_theme_fonts=&#8221;yes&#8221; el_class=&#8221;mb-2&#8243;][\/vc_column][vc_column el_class=&#8221;custom-select-slide pt-lg-5 pb-5&#8243; offset=&#8221;vc_col-md-4&#8243;][vc_custom_heading text=&#8221;Mutlu M\u00fc\u015fteri&#8221; font_container=&#8221;tag:h4|font_size:1.3125rem|text_align:left&#8221; use_theme_fonts=&#8221;yes&#8221; el_class=&#8221;mt-lg-2&#8243;][vc_custom_heading text=&#8221;Kaliteli ve g\u00fcvenilir hizmet sonucu olarak 2017&#8217;den beri bu sekt\u00f6rde mutlu m\u00fc\u015fteriler biriktiriyoruz.&#8221; font_container=&#8221;tag:p|text_align:left&#8221; use_theme_fonts=&#8221;yes&#8221; el_class=&#8221;mb-2&#8243;][\/vc_column][\/vc_row][vc_row wrap_container=&#8221;yes&#8221; el_id=&#8221;services&#8221;][vc_column][vc_custom_heading text=&#8221;B\u0130Z NELER YAPIYORUZ&#8221; font_container=&#8221;tag:p|text_align:left&#8221; use_theme_fonts=&#8221;yes&#8221; el_class=&#8221;mb-1&#8243;][vc_custom_heading text=&#8221;H\u0130ZMETLER\u0130M\u0130Z&#8221; font_container=&#8221;tag:h2|font_size:1.75rem|text_align:left|line_height:1&#8243; use_theme_fonts=&#8221;yes&#8221; el_class=&#8221;mb-2&#8243;]<div class=\"porto-carousel owl-carousel has-ccols ccols-xl-4 ccols-lg-4 ccols-md-3 ccols-sm-2 ccols-1 mt-4 mb-0 text-center dots-style-1\" data-plugin-options=\"{&quot;stagePadding&quot;:0,&quot;margin&quot;:18,&quot;autoplay&quot;:false,&quot;autoplayTimeout&quot;:5000,&quot;autoplayHoverPause&quot;:false,&quot;items&quot;:4,&quot;lg&quot;:4,&quot;md&quot;:3,&quot;sm&quot;:2,&quot;xs&quot;:1,&quot;nav&quot;:false,&quot;dots&quot;:&quot;yes&quot;,&quot;animateIn&quot;:&quot;&quot;,&quot;animateOut&quot;:&quot;&quot;,&quot;loop&quot;:false,&quot;center&quot;:false,&quot;video&quot;:false,&quot;lazyLoad&quot;:false,&quot;fullscreen&quot;:false}\"><div class=\"porto-ultimate-content-box-container custom-card\" data-appear-animation=\"fadeIn\"><div class=\"porto-ultimate-content-box vc_custom_1591082005567\" style=\"box-shadow: none;border:1px solid rgba(0,0,0,0.06);\" data-hover_box_shadow=\"0px 0px 20px -5px rgba(0,0,0,0.1)\" >[vc_single_image image=&#8221;336&#8243; img_size=&#8221;500&#215;500&#8243;][vc_custom_heading text=&#8221;Lazer Kesim&#8221; font_container=&#8221;tag:h4|font_size:1.5em|text_align:center|line_height:1.3&#8243; use_theme_fonts=&#8221;yes&#8221; el_class=&#8221;mb-3&#8243;][vc_custom_heading text=&#8221;CNC Lazer kesim di\u011fer yakarak kesme y\u00f6ntemlerine g\u00f6re metali daha h\u0131zl\u0131 kaliteli ve ikinci bir torna temizleme i\u015flemine ihtiya\u00e7 duymadan kenarlar 90&#8217;derece diklikte ve bire bir \u00f6l\u00e7\u00fclerde i\u015flemektedir.&#8221; font_container=&#8221;tag:p|text_align:center&#8221; use_theme_fonts=&#8221;yes&#8221;]<\/div><\/div><div class=\"porto-ultimate-content-box-container custom-card\" data-appear-animation=\"fadeIn\" data-appear-animation-delay=\"200\"><div class=\"porto-ultimate-content-box vc_custom_1591082041815\" style=\"box-shadow: none;border:1px solid rgba(0,0,0,0.06);\" data-hover_box_shadow=\"0px 0px 20px -5px rgba(0,0,0,0.1)\" >[vc_single_image image=&#8221;343&#8243; img_size=&#8221;500&#215;500&#8243;][vc_custom_heading text=&#8221;Plazma Kesim&#8221; font_container=&#8221;tag:h4|font_size:1.5em|text_align:center|line_height:1.3&#8243; use_theme_fonts=&#8221;yes&#8221; el_class=&#8221;mb-3&#8243;][vc_custom_heading text=&#8221;CNC plazma kesim, lazer kesim kadar hassas olmayan ancak daha b\u00fcy\u00fck \u00f6l\u00e7\u00fclerde sac i\u015flemenize olanak tan\u0131yan ve lazer kesime g\u00f6re daha ekonomik bir kesme sistemidir.&#8221; font_container=&#8221;tag:p|text_align:center&#8221; use_theme_fonts=&#8221;yes&#8221;]<\/div><\/div><div class=\"porto-ultimate-content-box-container custom-card\" data-appear-animation=\"fadeIn\" data-appear-animation-delay=\"400\"><div class=\"porto-ultimate-content-box vc_custom_1591082049643\" style=\"box-shadow: none;border:1px solid rgba(0,0,0,0.06);\" data-hover_box_shadow=\"0px 0px 20px -5px rgba(0,0,0,0.1)\" >[vc_single_image image=&#8221;352&#8243; img_size=&#8221;500&#215;380&#8243;][vc_custom_heading text=&#8221;Abkant B\u00fck\u00fcm&#8221; font_container=&#8221;tag:h4|font_size:1.5em|text_align:center|line_height:1.3&#8243; use_theme_fonts=&#8221;yes&#8221; el_class=&#8221;mb-3&#8243;][vc_custom_heading text=&#8221;6 metre boy ve 16 mm\u2019e kadar Abkant b\u00fck\u00fcm ve CNC kesim i\u015flerinizde hizmetinizdeyiz.&#8221; font_container=&#8221;tag:p|text_align:center&#8221; use_theme_fonts=&#8221;yes&#8221;]<\/div><\/div><div class=\"porto-ultimate-content-box-container custom-card\" data-appear-animation=\"fadeIn\" data-appear-animation-delay=\"600\"><div class=\"porto-ultimate-content-box vc_custom_1591082060193\" style=\"box-shadow: none;border:1px solid rgba(0,0,0,0.06);\" data-hover_box_shadow=\"0px 0px 20px -5px rgba(0,0,0,0.1)\" >[vc_single_image image=&#8221;348&#8243; img_size=&#8221;500&#215;380&#8243;][vc_custom_heading text=&#8221;Giyotin Kesim&#8221; font_container=&#8221;tag:h4|font_size:1.5em|text_align:center|line_height:1.3&#8243; use_theme_fonts=&#8221;yes&#8221; el_class=&#8221;mb-3&#8243;][vc_custom_heading text=&#8221;Giyotin kesim i\u015flerinizde hizmetinizdeyiz.&#8221; font_container=&#8221;tag:p|text_align:center&#8221; use_theme_fonts=&#8221;yes&#8221;]<\/div><\/div><div class=\"porto-ultimate-content-box-container custom-card\" data-appear-animation=\"fadeIn\"><div class=\"porto-ultimate-content-box vc_custom_1591082005567\" style=\"box-shadow: none;border:1px solid rgba(0,0,0,0.06);\" data-hover_box_shadow=\"0px 0px 20px -5px rgba(0,0,0,0.1)\" >[vc_single_image image=&#8221;347&#8243; img_size=&#8221;500&#215;380&#8243;][vc_custom_heading text=&#8221;Slindirik B\u00fck\u00fcm&#8221; font_container=&#8221;tag:h4|font_size:1.5em|text_align:center|line_height:1.3&#8243; use_theme_fonts=&#8221;yes&#8221; el_class=&#8221;mb-3&#8243;][vc_custom_heading text=&#8221;Silindirik B\u00fck\u00fcm i\u015flerinizde hizmetinizdeyiz.&#8221; font_container=&#8221;tag:p|text_align:center&#8221; use_theme_fonts=&#8221;yes&#8221; link=&#8221;url:https%3A%2F%2Fwww.portotheme.com%2Fwordpress%2Fporto%2Fconstruction2%2Fservices%2Fplumbing%2F|title:Plumbing||&#8221;]<\/div><\/div><div class=\"porto-ultimate-content-box-container custom-card\" data-appear-animation=\"fadeIn\"><div class=\"porto-ultimate-content-box vc_custom_1591082005567\" style=\"box-shadow: none;border:1px solid rgba(0,0,0,0.06);\" data-hover_box_shadow=\"0px 0px 20px -5px rgba(0,0,0,0.1)\" >[vc_single_image image=&#8221;392&#8243; img_size=&#8221;500&#215;380&#8243;][vc_custom_heading text=&#8221;\u00c7elik ve \u00d6zel Tasar\u0131m \u0130malatlar&#8221; font_container=&#8221;tag:h4|font_size:1.5em|text_align:center|line_height:1.3&#8243; use_theme_fonts=&#8221;yes&#8221; el_class=&#8221;mb-3&#8243;][vc_custom_heading text=&#8221;M\u00fc\u015fterinin talebine g\u00f6re \u00e7elik ve \u00f6zel tasar\u0131m imalatlar yapmaktay\u0131z.&#8221; font_container=&#8221;tag:p|text_align:center&#8221; use_theme_fonts=&#8221;yes&#8221; link=&#8221;url:https%3A%2F%2Fwww.portotheme.com%2Fwordpress%2Fporto%2Fconstruction2%2Fservices%2Fplumbing%2F|title:Plumbing||&#8221;]<\/div><\/div><\/div>[\/vc_column][\/vc_row][vc_row content_placement=&#8221;middle&#8221; wrap_container=&#8221;yes&#8221; is_section=&#8221;yes&#8221; remove_margin_top=&#8221;yes&#8221; remove_margin_bottom=&#8221;yes&#8221; remove_border=&#8221;yes&#8221; el_class=&#8221;section-angled section-angled-layer-bottom row-justify-content-center mb-5 mb-lg-0&#8243; css=&#8221;.vc_custom_1591089722550{padding-top: 12rem !important;}&#8221;][vc_column width=&#8221;2\/3&#8243; offset=&#8221;vc_col-lg-6&#8243; el_class=&#8221;mb-md-5 mb-xl-4 pb-xl-5&#8243;][vc_single_image image=&#8221;337&#8243; img_size=&#8221;full&#8221; animation_delay=&#8221;200&#8243; el_class=&#8221;max-w-90 mb-0 pc-img&#8221; animation_type=&#8221;fadeIn&#8221;][vc_single_image image=&#8221;351&#8243; img_size=&#8221;full&#8221; animation_delay=&#8221;300&#8243; el_class=&#8221;pc-img-about pc-img&#8221; animation_type=&#8221;zoomIn&#8221;][\/vc_column][vc_column offset=&#8221;vc_col-lg-6&#8243; el_class=&#8221;pl-md-4 pl-xl-5 py-lg-5 pt-xl-0&#8243;][vc_custom_heading text=&#8221;Biz Kimiz&#8221; font_container=&#8221;tag:p|text_align:left&#8221; use_theme_fonts=&#8221;yes&#8221; el_class=&#8221;mt-5 mb-1&#8243;][vc_custom_heading text=&#8221;Hakk\u0131m\u0131zda&#8221; font_container=&#8221;tag:h2|font_size:1.75rem|text_align:left|line_height:1&#8243; use_theme_fonts=&#8221;yes&#8221; el_class=&#8221;mb-2&#8243;][vc_custom_heading text=&#8221;Aral Metal, kesim-b\u00fck\u00fcm sekt\u00f6r\u00fcnde ge\u00e7mi\u015f tecr\u00fcbe ve deneyimlerinden g\u00fc\u00e7 alarak 20XX y\u0131l\u0131nda kurulmu\u015f, lazer kesim, plazma kesim, giyotin kesim, abkant b\u00fck\u00fcm, mekanik ve teknolojik imalatlarla ticari hayat\u0131na ba\u015flam\u0131\u015ft\u0131r.&#8221; font_container=&#8221;tag:p|font_size:1.2em|text_align:left&#8221; use_theme_fonts=&#8221;yes&#8221; el_class=&#8221;pt-2 mb-4&#8243;][vc_custom_heading text=&#8221;\u00c7al\u0131\u015fmalar\u0131na g\u00fcn ge\u00e7tik\u00e7e h\u0131z veren Esse Metal, kalite anlay\u0131\u015f\u0131yla m\u00fc\u015fteri portf\u00f6y\u00fcn\u00fc geni\u015fletmi\u015f olup pazarda sayg\u0131nl\u0131k kazanarak b\u00fcy\u00fck ivmeler g\u00f6stermektedir.&#8221; font_container=&#8221;tag:p|text_align:left&#8221; use_theme_fonts=&#8221;yes&#8221; el_class=&#8221;mb-3&#8243;][\/vc_column][\/vc_row][vc_row wrap_container=&#8221;yes&#8221;][vc_column][vc_custom_heading text=&#8221;Hayata Ge\u00e7en Projeler&#8221; font_container=&#8221;tag:p|text_align:left&#8221; use_theme_fonts=&#8221;yes&#8221; el_class=&#8221;mb-1&#8243;][vc_custom_heading text=&#8221;\u00dcr\u00fcnlerimiz ve Hizmetlerimizden \u00d6rnekler&#8221; font_container=&#8221;tag:h2|font_size:1.75rem|text_align:left|line_height:1&#8243; use_theme_fonts=&#8221;yes&#8221; el_class=&#8221;mb-0 pb-2&#8243;]<div id=\"porto-portfolio-5653\" class=\"porto-portfolios porto-portfolios0f982c3555608ba4f8d2242370aba192 wpb_content_element  mt-4 mb-0 disabled-link\">\n\t\n\t<div class=\"page-portfolios portfolios-creative clearfix \">\n\n\t\n\t\n\t<style scope=\"scope\">#porto-portfolio-5653 .grid-col-1-2{ flex: 0 0 50%; width: 50%; }#porto-portfolio-5653 .grid-col-1-4{ flex: 0 0 25%; width: 25%; }#porto-portfolio-5653 .grid-col-sizer { flex: 0 0 25%; width: 25% }#porto-portfolio-5653 .grid-height-1{ height: 600px }#porto-portfolio-5653 .grid-height-1-2{ height: 300px }@media (max-width: 767px) {#porto-portfolio-5653 .grid-col-md-1{ flex: 0 0 100%; width: 100%; }#porto-portfolio-5653 .grid-col-md-1-2{ flex: 0 0 50%; width: 50%; }#porto-portfolio-5653 .grid-col-sizer { flex: 0 0 50%; width: 50% }#porto-portfolio-5653 .grid-height-1{ height: 400px; }#porto-portfolio-5653 .grid-height-1-2{ height: 200px; }}@media (max-width: 480px) {#porto-portfolio-5653 article.portfolio { flex: 0 0 100%; width: 100%; }}#porto-portfolio-5653 .grid-creative { margin-left: -10px; margin-right: -10px; }#porto-portfolio-5653 article.portfolio { padding: 0 10px 20px; }<\/style>\t\t<div class=\"portfolio-row portfolio-row-3 classic grid-creative\"data-plugin-masonry data-plugin-options=\"{&quot;itemSelector&quot;:&quot;.portfolio&quot;,&quot;animationEngine&quot;:&quot;best-available&quot;,&quot;masonry&quot;:{&quot;columnWidth&quot;:&quot;.grid-col-sizer&quot;}}\">\n\n\t\n\t\t<article class=\"portfolio portfolio-masonry grid-col-1-2 grid-col-md-1 grid-height-1 eletrical-maitenance flooring painting plumbing post-91 type-portfolio status-publish has-post-thumbnail hentry portfolio_cat-eletrical-maitenance portfolio_cat-flooring portfolio_cat-painting portfolio_cat-plumbing\">\n\t\t<span class=\"entry-title\" style=\"display: none;\">Porto Building<\/span><span class=\"vcard\" style=\"display: none;\"><span class=\"fn\"><a href=\"https:\/\/araloptik.com\/index.php\/author\/aral\/\" title=\"aral taraf\u0131ndan yaz\u0131lan yaz\u0131lar\" rel=\"author\">aral<\/a><\/span><\/span><span class=\"updated\" style=\"display:none\">2020-08-11T09:44:02+03:00<\/span>\t\t<div class=\"portfolio-item default\">\n\t\t\t\t\t\t<a class=\"text-decoration-none portfolio-link\" href=\"https:\/\/araloptik.com\/index.php\/project\/porto-building\/\">\n\t\t\t\t<span class=\"thumb-info thumb-info-no-borders thumb-info-lighten thumb-info-no-zoom\">\n\t\t\t\t\t<span class=\"thumb-info-wrapper\">\n\t\t\t\t\t\t\t\t\t\t\t\t\t\t\t<img class=\"img-responsive\" width=\"512\" height=\"256\" src=\"https:\/\/araloptik.com\/wp-content\/uploads\/2020\/08\/unnamed.jpg\" alt=\"\" \/>\n\t\t\t\t\t\t\t\t\t\n\t\t\t\t\t\t\n\t\t\t\t\t\t\t\t\t\t\t\t\t\t\t\t\t\t\t\t\t<span class=\"thumb-info-plus\"><\/span>\n\t\t\t\t\t\t\t\t\t\t\t\t\t\t\t\t\t\t\t\t\t\t\t\t\t\t\t\t\t\t\t<\/span>\n\t\t\t\t<\/span>\n\t\t\t<\/a>\n\t\t\t\n\t\t\t\t\t<\/div>\n\t<\/article>\n\t\t<article class=\"portfolio portfolio-masonry grid-col-1-4 grid-col-md-1-2 grid-height-1 flooring post-89 type-portfolio status-publish has-post-thumbnail hentry portfolio_cat-flooring\">\n\t\t<span class=\"entry-title\" style=\"display: none;\">Porto Flooring<\/span><span class=\"vcard\" style=\"display: none;\"><span class=\"fn\"><a href=\"https:\/\/araloptik.com\/index.php\/author\/aral\/\" title=\"aral taraf\u0131ndan yaz\u0131lan yaz\u0131lar\" rel=\"author\">aral<\/a><\/span><\/span><span class=\"updated\" style=\"display:none\">2020-08-11T09:43:22+03:00<\/span>\t\t<div class=\"portfolio-item default\">\n\t\t\t\t\t\t<a class=\"text-decoration-none portfolio-link\" href=\"https:\/\/araloptik.com\/index.php\/project\/porto-flooring\/\">\n\t\t\t\t<span class=\"thumb-info thumb-info-no-borders thumb-info-lighten thumb-info-no-zoom\">\n\t\t\t\t\t<span class=\"thumb-info-wrapper\">\n\t\t\t\t\t\t\t\t\t\t\t\t\t\t\t<img class=\"img-responsive\" width=\"1024\" height=\"682\" src=\"https:\/\/araloptik.com\/wp-content\/uploads\/2020\/08\/CNC-plasma-cutter-copy-1024x682.jpg\" alt=\"\" \/>\n\t\t\t\t\t\t\t\t\t\n\t\t\t\t\t\t\n\t\t\t\t\t\t\t\t\t\t\t\t\t\t\t\t\t\t\t\t\t<span class=\"thumb-info-plus\"><\/span>\n\t\t\t\t\t\t\t\t\t\t\t\t\t\t\t\t\t\t\t\t\t\t\t\t\t\t\t\t\t\t\t<\/span>\n\t\t\t\t<\/span>\n\t\t\t<\/a>\n\t\t\t\n\t\t\t\t\t<\/div>\n\t<\/article>\n\t\t<article class=\"portfolio portfolio-masonry grid-col-1-4 grid-col-md-1-2 grid-height-1-2 plumbing post-87 type-portfolio status-publish has-post-thumbnail hentry portfolio_cat-plumbing\">\n\t\t<span class=\"entry-title\" style=\"display: none;\">Porto Plumbing<\/span><span class=\"vcard\" style=\"display: none;\"><span class=\"fn\"><a href=\"https:\/\/araloptik.com\/index.php\/author\/aral\/\" title=\"aral taraf\u0131ndan yaz\u0131lan yaz\u0131lar\" rel=\"author\">aral<\/a><\/span><\/span><span class=\"updated\" style=\"display:none\">2020-08-11T09:41:34+03:00<\/span>\t\t<div class=\"portfolio-item default\">\n\t\t\t\t\t\t<a class=\"text-decoration-none portfolio-link\" href=\"https:\/\/araloptik.com\/index.php\/project\/porto-plumbing\/\">\n\t\t\t\t<span class=\"thumb-info thumb-info-no-borders thumb-info-lighten thumb-info-no-zoom\">\n\t\t\t\t\t<span class=\"thumb-info-wrapper\">\n\t\t\t\t\t\t\t\t\t\t\t\t\t\t\t<img class=\"img-responsive\" width=\"400\" height=\"300\" src=\"https:\/\/araloptik.com\/wp-content\/uploads\/2020\/08\/Aslanogullari_2_small-400x300.jpg\" alt=\"\" \/>\n\t\t\t\t\t\t\t\t\t\n\t\t\t\t\t\t\n\t\t\t\t\t\t\t\t\t\t\t\t\t\t\t\t\t\t\t\t\t<span class=\"thumb-info-plus\"><\/span>\n\t\t\t\t\t\t\t\t\t\t\t\t\t\t\t\t\t\t\t\t\t\t\t\t\t\t\t\t\t\t\t<\/span>\n\t\t\t\t<\/span>\n\t\t\t<\/a>\n\t\t\t\n\t\t\t\t\t<\/div>\n\t<\/article>\n\t\t<article class=\"portfolio portfolio-masonry grid-col-1-4 grid-col-md-1-2 grid-height-1-2 painting post-84 type-portfolio status-publish has-post-thumbnail hentry portfolio_cat-painting\">\n\t\t<span class=\"entry-title\" style=\"display: none;\">Porto Painintg<\/span><span class=\"vcard\" style=\"display: none;\"><span class=\"fn\"><a href=\"https:\/\/araloptik.com\/index.php\/author\/aral\/\" title=\"aral taraf\u0131ndan yaz\u0131lan yaz\u0131lar\" rel=\"author\">aral<\/a><\/span><\/span><span class=\"updated\" style=\"display:none\">2020-08-11T09:41:56+03:00<\/span>\t\t<div class=\"portfolio-item default\">\n\t\t\t\t\t\t<a class=\"text-decoration-none portfolio-link\" href=\"https:\/\/araloptik.com\/index.php\/project\/porto-painintg\/\">\n\t\t\t\t<span class=\"thumb-info thumb-info-no-borders thumb-info-lighten thumb-info-no-zoom\">\n\t\t\t\t\t<span class=\"thumb-info-wrapper\">\n\t\t\t\t\t\t\t\t\t\t\t\t\t\t\t<img class=\"img-responsive\" width=\"400\" height=\"300\" src=\"https:\/\/araloptik.com\/wp-content\/uploads\/2020\/08\/20170408_120108-_small-400x300.jpg\" alt=\"\" \/>\n\t\t\t\t\t\t\t\t\t\n\t\t\t\t\t\t\n\t\t\t\t\t\t\t\t\t\t\t\t\t\t\t\t\t\t\t\t\t<span class=\"thumb-info-plus\"><\/span>\n\t\t\t\t\t\t\t\t\t\t\t\t\t\t\t\t\t\t\t\t\t\t\t\t\t\t\t\t\t\t\t<\/span>\n\t\t\t\t<\/span>\n\t\t\t<\/a>\n\t\t\t\n\t\t\t\t\t<\/div>\n\t<\/article>\n\t<div class=\"grid-col-sizer\"><\/div>\n\t\n\t\n\t\t<\/div>\n\n\t\n\t\t\t<input type=\"hidden\" class=\"shortcode-id\" value=\"0f982c3555608ba4f8d2242370aba192\"\/>\n\t\t\t\t\t<div class=\"clearfix\"><\/div>\n\t\t\t<div class=\"pagination-wrap load-more\">\n\t\t\t\t\t\t\t\t<div class=\"bounce-loader\">\n\t\t\t\t\t<div class=\"bounce1\"><\/div>\n\t\t\t\t\t<div class=\"bounce2\"><\/div>\n\t\t\t\t\t<div class=\"bounce3\"><\/div>\n\t\t\t\t<\/div>\n\t\t\t\t\t\t\t\t<div class=\"pagination load-more\" role=\"navigation\">\n\t\t\t\t\t<span aria-current=\"page\" class=\"page-numbers current\">1<\/span><a class=\"page-numbers\" href=\"https:\/\/araloptik.com\/index.php\/wp-json\/wp\/v2\/pages\/2\/page\/2\/\">2<\/a><a class=\"next page-numbers\" href=\"https:\/\/araloptik.com\/index.php\/wp-json\/wp\/v2\/pages\/2\/page\/2\/\">Load More...<\/a>\t\t\t\t<\/div>\n\t\t\t<\/div>\n\t\t\t\t\n\t<\/div>\n\n\t\n\t\n\t<\/div>[\/vc_column][\/vc_row][vc_row no_padding=&#8221;yes&#8221; el_class=&#8221;background-color-secondary mb-5 mb-lg-0&#8243;][vc_column offset=&#8221;vc_col-md-6&#8243; el_class=&#8221;section-angled section-angled-layer-bottom&#8221;][vc_row_inner el_class=&#8221;justify-content-lg-end py-2 mx-0 my-5&#8243;][vc_column_inner el_class=&#8221;container pr-lg-4 mx-0 mr-lg-2 col-sl-9&#8243; offset=&#8221;vc_col-md-10&#8243;][vc_custom_heading text=&#8221;Misyonumuz &amp; Vizyonumuz&#8221; font_container=&#8221;tag:h3|font_size:1.75rem|text_align:left|line_height:1&#8243; use_theme_fonts=&#8221;yes&#8221; skin=&#8221;light&#8221; el_class=&#8221;mb-2&#8243;][vc_custom_heading text=&#8221;Kaliteden \u00f6d\u00fcn vermeden, m\u00fc\u015fteri memnuniyetini, can ve mal g\u00fcvenli\u011fini her\u015feyin \u00fcst\u00fcnde tutarak<br \/>\n\u00e7al\u0131\u015fmalar\u0131m\u0131za devam etmek ve kaliteli hizmet anlay\u0131\u015f\u0131 ile b\u00fct\u00fcnle\u015fmesini sa\u011flayarak, T\u00fcrkiye\u2019de g\u00fcvenilir, dinamik,<br \/>\nlider bir firma ve aranan bir marka olmakt\u0131r.&#8221; font_container=&#8221;tag:p|font_size:1.2em|text_align:left&#8221; use_theme_fonts=&#8221;yes&#8221; el_class=&#8221;pt-2 mb-4&#8243;][\/vc_column_inner][\/vc_row_inner][\/vc_column][vc_column width=&#8221;1\/2&#8243; offset=&#8221;vc_col-md-6 vc_hidden-sm vc_hidden-xs&#8221; css=&#8221;.vc_custom_1600248961175{background: #f4f4f4 url(http:\/\/bijital.koray.software\/araloptik\/wp-content\/uploads\/2020\/08\/CNC-plasma-cutter-copy.jpg?id=337) !important;background-position: 0 0 !important;background-repeat: no-repeat !important;}&#8221; el_class=&#8221;section-angled section-angled-reverse section-angled-layer-bottom&#8221;][\/vc_column][\/vc_row]<\/p>\n","protected":false},"excerpt":{"rendered":"<p>[vc_row wrap_container=&#8221;yes&#8221; el_class=&#8221;section-angled-layer-bottom mb-5 mb-lg-0&#8243; css=&#8221;.vc_custom_1591089628316{background-color: #f4f4f4 !important;}&#8221;][vc_column el_class=&#8221;custom-select-slide active py-5&#8243; offset=&#8221;vc_col-md-4&#8243;][vc_custom_heading text=&#8221;Kaliteli Hizmet&#8221; font_container=&#8221;tag:h4|font_size:1.3125rem|text_align:left&#8221; use_theme_fonts=&#8221;yes&#8221; el_class=&#8221;mt-2&#8243;][vc_custom_heading text=&#8221;Hizmetlerimizde kaliteden \u00f6d\u00fcn vermeden \u00e7al\u0131\u015fmay\u0131 bir prensip olarak g\u00f6r\u00fcyoruz ve m\u00fc\u015fterilerimize kaliteli hizmet sunuyoruz.&#8221; font_container=&#8221;tag:p|text_align:left&#8221; use_theme_fonts=&#8221;yes&#8221; el_class=&#8221;mb-2&#8243;][\/vc_column][vc_column el_class=&#8221;custom-select-slide pt-lg-5 pb-5&#8243; offset=&#8221;vc_col-md-4&#8243;][vc_custom_heading text=&#8221;G\u00fcvenilir \u00dcr\u00fcnler&#8221; font_container=&#8221;tag:h4|font_size:1.3125rem|text_align:left&#8221; use_theme_fonts=&#8221;yes&#8221; el_class=&#8221;mt-lg-2&#8243;][vc_custom_heading text=&#8221;Can ve Mal g\u00fcvenli\u011fini her \u015feyin \u00fcst\u00fcnde tutarak \u00e7al\u0131\u015fmalar\u0131m\u0131za devam ediyoruz ve [&hellip;]<\/p>\n","protected":false},"author":1,"featured_media":0,"parent":0,"menu_order":0,"comment_status":"closed","ping_status":"closed","template":"","meta":[],"_links":{"self":[{"href":"https:\/\/araloptik.com\/index.php\/wp-json\/wp\/v2\/pages\/2"}],"collection":[{"href":"https:\/\/araloptik.com\/index.php\/wp-json\/wp\/v2\/pages"}],"about":[{"href":"https:\/\/araloptik.com\/index.php\/wp-json\/wp\/v2\/types\/page"}],"author":[{"embeddable":true,"href":"https:\/\/araloptik.com\/index.php\/wp-json\/wp\/v2\/users\/1"}],"replies":[{"embeddable":true,"href":"https:\/\/araloptik.com\/index.php\/wp-json\/wp\/v2\/comments?post=2"}],"version-history":[{"count":17,"href":"https:\/\/araloptik.com\/index.php\/wp-json\/wp\/v2\/pages\/2\/revisions"}],"predecessor-version":[{"id":405,"href":"https:\/\/araloptik.com\/index.php\/wp-json\/wp\/v2\/pages\/2\/revisions\/405"}],"wp:attachment":[{"href":"https:\/\/araloptik.com\/index.php\/wp-json\/wp\/v2\/media?parent=2"}],"curies":[{"name":"wp","href":"https:\/\/api.w.org\/{rel}","templated":true}]}}