{"id":37,"date":"2020-06-01T08:12:53","date_gmt":"2020-06-01T08:12:53","guid":{"rendered":"http:\/\/sw-themes.com\/porto_dummy\/?page_id=37"},"modified":"2020-09-16T12:36:34","modified_gmt":"2020-09-16T09:36:34","slug":"about-us","status":"publish","type":"page","link":"https:\/\/araloptik.com\/index.php\/about-us\/","title":{"rendered":"Hakk\u0131m\u0131zda"},"content":{"rendered":"<p>[vc_row content_placement=&#8221;middle&#8221; wrap_container=&#8221;yes&#8221; is_section=&#8221;yes&#8221; remove_margin_top=&#8221;yes&#8221; remove_margin_bottom=&#8221;yes&#8221; remove_border=&#8221;yes&#8221; el_class=&#8221;section-angled section-angled-layer-bottom row-justify-content-center mb-5 mb-lg-0&#8243; css=&#8221;.vc_custom_1591089722550{padding-top: 12rem !important;}&#8221;][vc_column width=&#8221;2\/3&#8243; offset=&#8221;vc_col-lg-6&#8243; el_class=&#8221;mb-md-5 mb-xl-4 pb-xl-5&#8243;][vc_single_image image=&#8221;337&#8243; img_size=&#8221;full&#8221; animation_delay=&#8221;200&#8243; el_class=&#8221;max-w-90 mb-0 pc-img&#8221; animation_type=&#8221;fadeIn&#8221;][vc_single_image image=&#8221;351&#8243; img_size=&#8221;full&#8221; animation_delay=&#8221;300&#8243; el_class=&#8221;pc-img-about pc-img&#8221; animation_type=&#8221;zoomIn&#8221;][\/vc_column][vc_column offset=&#8221;vc_col-lg-6&#8243; el_class=&#8221;pl-md-4 pl-xl-5 py-lg-5 pt-xl-0&#8243;][vc_custom_heading text=&#8221;Biz Kimiz&#8221; font_container=&#8221;tag:p|text_align:left&#8221; use_theme_fonts=&#8221;yes&#8221; el_class=&#8221;mt-5 mb-1&#8243;][vc_custom_heading text=&#8221;Hakk\u0131m\u0131zda&#8221; font_container=&#8221;tag:h2|font_size:1.75rem|text_align:left|line_height:1&#8243; use_theme_fonts=&#8221;yes&#8221; el_class=&#8221;mb-2&#8243;][vc_custom_heading text=&#8221;Aral Optik, kesim-b\u00fck\u00fcm sekt\u00f6r\u00fcnde ge\u00e7mi\u015f tecr\u00fcbe ve deneyimlerinden g\u00fc\u00e7 alarak 20XX y\u0131l\u0131nda kurulmu\u015f, lazer kesim, plazma kesim, giyotin kesim, abkant b\u00fck\u00fcm, mekanik ve teknolojik imalatlarla ticari hayat\u0131na ba\u015flam\u0131\u015ft\u0131r.&#8221; font_container=&#8221;tag:p|font_size:1.2em|text_align:left&#8221; use_theme_fonts=&#8221;yes&#8221; el_class=&#8221;pt-2 mb-4&#8243;][vc_custom_heading text=&#8221;\u00c7al\u0131\u015fmalar\u0131na g\u00fcn ge\u00e7tik\u00e7e h\u0131z veren Esse Metal, kalite anlay\u0131\u015f\u0131yla m\u00fc\u015fteri portf\u00f6y\u00fcn\u00fc geni\u015fletmi\u015f olup pazarda sayg\u0131nl\u0131k kazanarak b\u00fcy\u00fck ivmeler g\u00f6stermektedir.&#8221; font_container=&#8221;tag:p|text_align:left&#8221; use_theme_fonts=&#8221;yes&#8221; el_class=&#8221;mb-3&#8243;][\/vc_column][\/vc_row][vc_row no_padding=&#8221;yes&#8221; el_class=&#8221;background-color-secondary mb-5 mb-lg-0&#8243;][vc_column offset=&#8221;vc_col-md-6&#8243; el_class=&#8221;section-angled section-angled-layer-bottom&#8221;][vc_row_inner el_class=&#8221;justify-content-lg-end py-2 mx-0 my-5&#8243;][vc_column_inner el_class=&#8221;container pr-lg-4 mx-0 mr-lg-2 col-sl-9&#8243; offset=&#8221;vc_col-md-10&#8243;][vc_custom_heading text=&#8221;Misyonumuz &amp; Vizyonumuz&#8221; font_container=&#8221;tag:h3|font_size:1.75rem|text_align:left|line_height:1&#8243; use_theme_fonts=&#8221;yes&#8221; skin=&#8221;light&#8221; el_class=&#8221;mb-2&#8243;][vc_custom_heading text=&#8221;Kaliteden \u00f6d\u00fcn vermeden, m\u00fc\u015fteri memnuniyetini, can ve mal g\u00fcvenli\u011fini her\u015feyin \u00fcst\u00fcnde tutarak<br \/>\n\u00e7al\u0131\u015fmalar\u0131m\u0131za devam etmek ve kaliteli hizmet anlay\u0131\u015f\u0131 ile b\u00fct\u00fcnle\u015fmesini sa\u011flayarak, T\u00fcrkiye\u2019de g\u00fcvenilir, dinamik,<br \/>\nlider bir firma ve aranan bir marka olmakt\u0131r.&#8221; font_container=&#8221;tag:p|font_size:1.2em|text_align:left&#8221; use_theme_fonts=&#8221;yes&#8221; el_class=&#8221;pt-2 mb-4&#8243;][\/vc_column_inner][\/vc_row_inner][\/vc_column][vc_column width=&#8221;1\/2&#8243; offset=&#8221;vc_col-md-6 vc_hidden-sm vc_hidden-xs&#8221; css=&#8221;.vc_custom_1600248991648{background: #f4f4f4 url(http:\/\/bijital.koray.software\/araloptik\/wp-content\/uploads\/2020\/08\/CNC-plasma-cutter-copy.jpg?id=337) !important;background-position: 0 0 !important;background-repeat: no-repeat !important;}&#8221; el_class=&#8221;section-angled section-angled-reverse section-angled-layer-bottom&#8221;][\/vc_column][\/vc_row]<\/p>\n","protected":false},"excerpt":{"rendered":"<p>[vc_row content_placement=&#8221;middle&#8221; wrap_container=&#8221;yes&#8221; is_section=&#8221;yes&#8221; remove_margin_top=&#8221;yes&#8221; remove_margin_bottom=&#8221;yes&#8221; remove_border=&#8221;yes&#8221; el_class=&#8221;section-angled section-angled-layer-bottom row-justify-content-center mb-5 mb-lg-0&#8243; css=&#8221;.vc_custom_1591089722550{padding-top: 12rem !important;}&#8221;][vc_column width=&#8221;2\/3&#8243; offset=&#8221;vc_col-lg-6&#8243; el_class=&#8221;mb-md-5 mb-xl-4 pb-xl-5&#8243;][vc_single_image image=&#8221;337&#8243; img_size=&#8221;full&#8221; animation_delay=&#8221;200&#8243; el_class=&#8221;max-w-90 mb-0 pc-img&#8221; animation_type=&#8221;fadeIn&#8221;][vc_single_image image=&#8221;351&#8243; img_size=&#8221;full&#8221; animation_delay=&#8221;300&#8243; el_class=&#8221;pc-img-about pc-img&#8221; animation_type=&#8221;zoomIn&#8221;][\/vc_column][vc_column offset=&#8221;vc_col-lg-6&#8243; el_class=&#8221;pl-md-4 pl-xl-5 py-lg-5 pt-xl-0&#8243;][vc_custom_heading text=&#8221;Biz Kimiz&#8221; font_container=&#8221;tag:p|text_align:left&#8221; use_theme_fonts=&#8221;yes&#8221; el_class=&#8221;mt-5 mb-1&#8243;][vc_custom_heading text=&#8221;Hakk\u0131m\u0131zda&#8221; font_container=&#8221;tag:h2|font_size:1.75rem|text_align:left|line_height:1&#8243; use_theme_fonts=&#8221;yes&#8221; el_class=&#8221;mb-2&#8243;][vc_custom_heading text=&#8221;Aral Optik, kesim-b\u00fck\u00fcm sekt\u00f6r\u00fcnde ge\u00e7mi\u015f tecr\u00fcbe ve [&hellip;]<\/p>\n","protected":false},"author":1,"featured_media":0,"parent":0,"menu_order":0,"comment_status":"closed","ping_status":"closed","template":"","meta":[],"_links":{"self":[{"href":"https:\/\/araloptik.com\/index.php\/wp-json\/wp\/v2\/pages\/37"}],"collection":[{"href":"https:\/\/araloptik.com\/index.php\/wp-json\/wp\/v2\/pages"}],"about":[{"href":"https:\/\/araloptik.com\/index.php\/wp-json\/wp\/v2\/types\/page"}],"author":[{"embeddable":true,"href":"https:\/\/araloptik.com\/index.php\/wp-json\/wp\/v2\/users\/1"}],"replies":[{"embeddable":true,"href":"https:\/\/araloptik.com\/index.php\/wp-json\/wp\/v2\/comments?post=37"}],"version-history":[{"count":4,"href":"https:\/\/araloptik.com\/index.php\/wp-json\/wp\/v2\/pages\/37\/revisions"}],"predecessor-version":[{"id":406,"href":"https:\/\/araloptik.com\/index.php\/wp-json\/wp\/v2\/pages\/37\/revisions\/406"}],"wp:attachment":[{"href":"https:\/\/araloptik.com\/index.php\/wp-json\/wp\/v2\/media?parent=37"}],"curies":[{"name":"wp","href":"https:\/\/api.w.org\/{rel}","templated":true}]}}