{"id":39,"date":"2020-06-01T08:13:02","date_gmt":"2020-06-01T08:13:02","guid":{"rendered":"http:\/\/sw-themes.com\/porto_dummy\/?page_id=39"},"modified":"2020-09-17T13:38:13","modified_gmt":"2020-09-17T10:38:13","slug":"services","status":"publish","type":"page","link":"https:\/\/araloptik.com\/index.php\/services\/","title":{"rendered":"Hizmetler"},"content":{"rendered":"<p>[vc_row wrap_container=&#8221;yes&#8221; text_align=&#8221;center&#8221; css=&#8221;.vc_custom_1591248349446{padding-top: 60px !important;padding-bottom: 10px !important;}&#8221;][vc_column width=&#8221;1\/2&#8243; offset=&#8221;vc_col-md-4&#8243; el_class=&#8221;m-b-lg&#8221;]<div class=\"porto-ultimate-content-box-container custom-card\" data-appear-animation=\"fadeIn\"><div class=\"porto-ultimate-content-box vc_custom_1591082005567\" style=\"box-shadow: none;border:1px solid rgba(0,0,0,0.06);\" data-hover_box_shadow=\"0px 0px 20px -5px rgba(0,0,0,0.1)\" >[vc_single_image image=&#8221;336&#8243; img_size=&#8221;450&#215;500&#8243;][vc_custom_heading text=&#8221;Lazer Kesim&#8221; font_container=&#8221;tag:h4|font_size:1.5em|text_align:center|line_height:1.3&#8243; use_theme_fonts=&#8221;yes&#8221; el_class=&#8221;mb-3&#8243;][vc_custom_heading text=&#8221;CNC Lazer kesim di\u011fer yakarak kesme y\u00f6ntemlerine g\u00f6re metali daha h\u0131zl\u0131 kaliteli ve ikinci bir torna temizleme i\u015flemine ihtiya\u00e7 duymadan kenarlar 90&#8217;derece diklikte ve bire bir \u00f6l\u00e7\u00fclerde i\u015flemektedir.&#8221; font_container=&#8221;tag:p|text_align:center&#8221; use_theme_fonts=&#8221;yes&#8221;]<\/div><\/div>[\/vc_column][vc_column width=&#8221;1\/2&#8243; offset=&#8221;vc_col-md-4&#8243; el_class=&#8221;m-b-lg&#8221;]<div class=\"porto-ultimate-content-box-container custom-card\" data-appear-animation=\"fadeIn\" data-appear-animation-delay=\"200\"><div class=\"porto-ultimate-content-box vc_custom_1591082041815\" style=\"box-shadow: none;border:1px solid rgba(0,0,0,0.06);\" data-hover_box_shadow=\"0px 0px 20px -5px rgba(0,0,0,0.1)\" >[vc_single_image image=&#8221;343&#8243; img_size=&#8221;450&#215;500&#8243;][vc_custom_heading text=&#8221;Plazma Kesim&#8221; font_container=&#8221;tag:h4|font_size:1.5em|text_align:center|line_height:1.3&#8243; use_theme_fonts=&#8221;yes&#8221; el_class=&#8221;mb-3&#8243;][vc_custom_heading text=&#8221;CNC plazma kesim, lazer kesim kadar hassas olmayan ancak daha b\u00fcy\u00fck \u00f6l\u00e7\u00fclerde sac i\u015flemenize olanak tan\u0131yan ve lazer kesime g\u00f6re daha ekonomik bir kesme sistemidir.&#8221; font_container=&#8221;tag:p|text_align:center&#8221; use_theme_fonts=&#8221;yes&#8221;]<\/div><\/div>[\/vc_column][vc_column width=&#8221;1\/2&#8243; offset=&#8221;vc_col-md-4&#8243; el_class=&#8221;m-b-lg&#8221;]<div class=\"porto-ultimate-content-box-container custom-card\" data-appear-animation=\"fadeIn\" data-appear-animation-delay=\"400\"><div class=\"porto-ultimate-content-box vc_custom_1591082049643\" style=\"box-shadow: none;border:1px solid rgba(0,0,0,0.06);\" data-hover_box_shadow=\"0px 0px 20px -5px rgba(0,0,0,0.1)\" >[vc_single_image image=&#8221;352&#8243; img_size=&#8221;450&#215;380&#8243;][vc_custom_heading text=&#8221;Abant B\u00fck\u00fcm&#8221; font_container=&#8221;tag:h4|font_size:1.5em|text_align:center|line_height:1.3&#8243; use_theme_fonts=&#8221;yes&#8221; el_class=&#8221;mb-3&#8243;][vc_custom_heading text=&#8221;6 metre boy ve 16 mm\u2019e kadar Abkant b\u00fck\u00fcm ve CNC kesim i\u015flerinizde hizmetinizdeyiz.&#8221; font_container=&#8221;tag:p|text_align:center&#8221; use_theme_fonts=&#8221;yes&#8221;]<\/div><\/div>[\/vc_column][vc_column width=&#8221;1\/2&#8243; offset=&#8221;vc_col-md-4&#8243; el_class=&#8221;m-b-lg&#8221;]<div class=\"porto-ultimate-content-box-container custom-card\" data-appear-animation=\"fadeIn\" data-appear-animation-delay=\"600\"><div class=\"porto-ultimate-content-box vc_custom_1591082060193\" style=\"box-shadow: none;border:1px solid rgba(0,0,0,0.06);\" data-hover_box_shadow=\"0px 0px 20px -5px rgba(0,0,0,0.1)\" >[vc_single_image image=&#8221;348&#8243; img_size=&#8221;450&#215;380&#8243;][vc_custom_heading text=&#8221;Giyotin Kesim&#8221; font_container=&#8221;tag:h4|font_size:1.5em|text_align:center|line_height:1.3&#8243; use_theme_fonts=&#8221;yes&#8221; el_class=&#8221;mb-3&#8243;][vc_custom_heading text=&#8221;Giyotin kesim i\u015flerinizde hizmetinizdeyiz.&#8221; font_container=&#8221;tag:p|text_align:center&#8221; use_theme_fonts=&#8221;yes&#8221;]<\/div><\/div>[\/vc_column][vc_column width=&#8221;1\/2&#8243; offset=&#8221;vc_col-md-4&#8243; el_class=&#8221;m-b-lg&#8221;]<div class=\"porto-ultimate-content-box-container custom-card\" data-appear-animation=\"fadeIn\" data-appear-animation-delay=\"800\"><div class=\"porto-ultimate-content-box vc_custom_1591243101777\" style=\"box-shadow: none;border:1px solid rgba(0,0,0,0.06);\" data-hover_box_shadow=\"0px 0px 20px -5px rgba(0,0,0,0.1)\" >[vc_single_image image=&#8221;347&#8243; img_size=&#8221;450&#215;380&#8243;][vc_custom_heading text=&#8221;Silindirik B\u00fck\u00fcm&#8221; font_container=&#8221;tag:h4|font_size:1.5em|text_align:center|line_height:1.3&#8243; use_theme_fonts=&#8221;yes&#8221; el_class=&#8221;mb-3&#8243;][vc_custom_heading text=&#8221;Silindirik B\u00fck\u00fcm i\u015flerinizde hizmetinizdeyiz.&#8221; font_container=&#8221;tag:p|text_align:center&#8221; use_theme_fonts=&#8221;yes&#8221;]<\/div><\/div>[\/vc_column][vc_column width=&#8221;1\/2&#8243; offset=&#8221;vc_col-md-4&#8243; el_class=&#8221;m-b-lg&#8221;]<div class=\"porto-ultimate-content-box-container custom-card\" data-appear-animation=\"fadeIn\" data-appear-animation-delay=\"1000\"><div class=\"porto-ultimate-content-box vc_custom_1591243107016\" style=\"box-shadow: none;border:1px solid rgba(0,0,0,0.06);\" data-hover_box_shadow=\"0px 0px 20px -5px rgba(0,0,0,0.1)\" >[vc_single_image image=&#8221;337&#8243; img_size=&#8221;450&#215;380&#8243;][vc_custom_heading text=&#8221;Mekanik ve Teknolojik \u0130malatlar&#8221; font_container=&#8221;tag:h4|font_size:1.5em|text_align:center|line_height:1.3&#8243; use_theme_fonts=&#8221;yes&#8221; el_class=&#8221;mb-3&#8243;][vc_custom_heading text=&#8221;Di\u011fer mekanik ve teknolojik imalatlarda da hizmetinizdeyiz.&#8221; font_container=&#8221;tag:p|text_align:center&#8221; use_theme_fonts=&#8221;yes&#8221;]<\/div><\/div>[\/vc_column][\/vc_row][vc_row][vc_column]<div class=\"porto-u-heading\" data-hspacer=\"no_spacer\" data-halign=\"center\" style=\"text-align:center\"><div class=\"porto-u-main-heading\"><h2 style=\"\">Hizmet Galerisi<\/h2><\/div><\/div>[vc_btn title=&#8221;CNC KES\u0130M V\u0130DEOMUZ&#8221; align=&#8221;center&#8221; link=&#8221;url:http%3A%2F%2Fbijital.koray.software%2Faraloptik%2Fwp-content%2Fuploads%2F2020%2F09%2F10000000_322377558867961_7364111944550334998_n-1.mp4|||&#8221;][vc_gallery type=&#8221;image_grid&#8221; images=&#8221;409,410,411,412,413,414,415,416,417,418,419,420,421,422,423,424,425,426,427&#8243; img_size=&#8221;300&#215;300&#8243;][\/vc_column][\/vc_row][vc_row][vc_column][\/vc_column][\/vc_row]<\/p>\n","protected":false},"excerpt":{"rendered":"<p>[vc_row wrap_container=&#8221;yes&#8221; text_align=&#8221;center&#8221; css=&#8221;.vc_custom_1591248349446{padding-top: 60px !important;padding-bottom: 10px !important;}&#8221;][vc_column width=&#8221;1\/2&#8243; offset=&#8221;vc_col-md-4&#8243; el_class=&#8221;m-b-lg&#8221;][\/vc_column][vc_column width=&#8221;1\/2&#8243; offset=&#8221;vc_col-md-4&#8243; el_class=&#8221;m-b-lg&#8221;][\/vc_column][vc_column width=&#8221;1\/2&#8243; offset=&#8221;vc_col-md-4&#8243; el_class=&#8221;m-b-lg&#8221;][\/vc_column][vc_column width=&#8221;1\/2&#8243; offset=&#8221;vc_col-md-4&#8243; el_class=&#8221;m-b-lg&#8221;][\/vc_column][vc_column width=&#8221;1\/2&#8243; offset=&#8221;vc_col-md-4&#8243; el_class=&#8221;m-b-lg&#8221;][\/vc_column][vc_column width=&#8221;1\/2&#8243; offset=&#8221;vc_col-md-4&#8243; el_class=&#8221;m-b-lg&#8221;][\/vc_column][\/vc_row][vc_row][vc_column][vc_btn title=&#8221;CNC KES\u0130M V\u0130DEOMUZ&#8221; align=&#8221;center&#8221; link=&#8221;url:http%3A%2F%2Fbijital.koray.software%2Faraloptik%2Fwp-content%2Fuploads%2F2020%2F09%2F10000000_322377558867961_7364111944550334998_n-1.mp4|||&#8221;][vc_gallery type=&#8221;image_grid&#8221; images=&#8221;409,410,411,412,413,414,415,416,417,418,419,420,421,422,423,424,425,426,427&#8243; img_size=&#8221;300&#215;300&#8243;][\/vc_column][\/vc_row][vc_row][vc_column][\/vc_column][\/vc_row]<\/p>\n","protected":false},"author":1,"featured_media":0,"parent":0,"menu_order":0,"comment_status":"closed","ping_status":"closed","template":"","meta":[],"_links":{"self":[{"href":"https:\/\/araloptik.com\/index.php\/wp-json\/wp\/v2\/pages\/39"}],"collection":[{"href":"https:\/\/araloptik.com\/index.php\/wp-json\/wp\/v2\/pages"}],"about":[{"href":"https:\/\/araloptik.com\/index.php\/wp-json\/wp\/v2\/types\/page"}],"author":[{"embeddable":true,"href":"https:\/\/araloptik.com\/index.php\/wp-json\/wp\/v2\/users\/1"}],"replies":[{"embeddable":true,"href":"https:\/\/araloptik.com\/index.php\/wp-json\/wp\/v2\/comments?post=39"}],"version-history":[{"count":7,"href":"https:\/\/araloptik.com\/index.php\/wp-json\/wp\/v2\/pages\/39\/revisions"}],"predecessor-version":[{"id":430,"href":"https:\/\/araloptik.com\/index.php\/wp-json\/wp\/v2\/pages\/39\/revisions\/430"}],"wp:attachment":[{"href":"https:\/\/araloptik.com\/index.php\/wp-json\/wp\/v2\/media?parent=39"}],"curies":[{"name":"wp","href":"https:\/\/api.w.org\/{rel}","templated":true}]}}