{"id":41,"date":"2020-06-01T08:13:13","date_gmt":"2020-06-01T08:13:13","guid":{"rendered":"http:\/\/sw-themes.com\/porto_dummy\/?page_id=41"},"modified":"2022-09-01T14:46:17","modified_gmt":"2022-09-01T11:46:17","slug":"contact-us","status":"publish","type":"page","link":"https:\/\/araloptik.com\/index.php\/contact-us\/","title":{"rendered":"\u0130leti\u015fim"},"content":{"rendered":"<p>[vc_row wrap_container=&#8221;yes&#8221; css=&#8221;.vc_custom_1597239132593{margin-top: 40px !important;padding-bottom: 60px !important;}&#8221;][vc_column][vc_custom_heading text=&#8221;Bizimle \u0130leti\u015fime Ge\u00e7&#8221; font_container=&#8221;tag:h2|font_size:1.8em|text_align:center|line_height:1&#8243; use_theme_fonts=&#8221;yes&#8221; el_class=&#8221;mb-3&#8243;]<div class=\"porto-ultimate-content-box-container mb-5\"><div class=\"porto-ultimate-content-box vc_custom_1597239177914\" style=\"box-shadow:0px 0px 35px -5px rgba(0,0,0,0.1);border:1px solid #e8e8e8;\">[vc_custom_heading text=&#8221;\u0130leti\u015fim Bilgileri&#8221; font_container=&#8221;tag:h2|font_size:1.8em|text_align:center|line_height:1&#8243; use_theme_fonts=&#8221;yes&#8221; el_class=&#8221;mb-3&#8243;]<div class=\"porto-sicon-box py-2 style_1 default-icon\"><div class=\"porto-sicon-default\"><div id=\"porto-icon-112606175769ec80c26c34d\" class=\"porto-just-icon-wrapper\" style=\"text-align:center;\"><div class=\"porto-icon none\" style=\"color:#220c3c;font-size:32px;display:inline-block;\"><i class=\"fas fa-map-marker-alt\"><\/i><\/div><\/div><\/div><div class=\"porto-sicon-header\" ><h4 class=\"porto-sicon-title\" style=\"font-size:1.4em;\">Adres<\/h4><p>Ar\u0131 San. Sit. 1472 Sok. No: 85 Yenimahalle, Ankara<\/p><\/div> <!-- header --><\/div><!-- porto-sicon-box -->[vc_separator color=&#8221;custom&#8221; style=&#8221;solid&#8221;]<div class=\"porto-sicon-box py-2 style_1 default-icon\"><div class=\"porto-sicon-default\"><div id=\"porto-icon-189223102469ec80c26c660\" class=\"porto-just-icon-wrapper\" style=\"text-align:center;\"><div class=\"porto-icon none\" style=\"color:#220c3c;font-size:32px;display:inline-block;\"><i class=\"fas fa-mobile-alt\"><\/i><\/div><\/div><\/div><div class=\"porto-sicon-header\" ><h4 class=\"porto-sicon-title\" style=\"font-size:1.4em;\">Telefon<\/h4><p>0312 394 21 32<\/p><\/div> <!-- header --><\/div><!-- porto-sicon-box -->[vc_separator color=&#8221;custom&#8221; style=&#8221;solid&#8221;]<a class=\"porto-sicon-box-link\" href=\"#\"><div class=\"porto-sicon-box py-2 style_1 default-icon\"><div class=\"porto-sicon-default\"><div id=\"porto-icon-163425674469ec80c26c943\" class=\"porto-just-icon-wrapper\" style=\"text-align:center;\"><div class=\"porto-icon none\" style=\"color:#220c3c;font-size:32px;display:inline-block;\"><i class=\"far fa-envelope\"><\/i><\/div><\/div><\/div><div class=\"porto-sicon-header\" ><h4 class=\"porto-sicon-title\" style=\"font-size:1.4em;\">E-Mail<\/h4><p>araloptik@hotmail.com<br \/>\ninfo@araloptik.com<\/p><\/div> <!-- header --><\/div><!-- porto-sicon-box --><\/a>[vc_separator color=&#8221;custom&#8221; style=&#8221;solid&#8221;]<div class=\"porto-sicon-box pt-2 mb-0 style_1 default-icon\"><div class=\"porto-sicon-default\"><div id=\"porto-icon-60788906069ec80c26cc2f\" class=\"porto-just-icon-wrapper\" style=\"text-align:center;\"><div class=\"porto-icon none\" style=\"color:#220c3c;font-size:32px;display:inline-block;\"><i class=\"far fa-calendar-alt\"><\/i><\/div><\/div><\/div><div class=\"porto-sicon-header\" ><h4 class=\"porto-sicon-title\" style=\"font-size:1.4em;\">\u00c7al\u0131\u015fma Saatleri<\/h4><p>Pazartesi - Cumartesi \/ 9:00 - 18:00<\/p><\/div> <!-- header --><\/div><!-- porto-sicon-box --><\/div><\/div>[\/vc_column][\/vc_row]<\/p>\n","protected":false},"excerpt":{"rendered":"<p>[vc_row wrap_container=&#8221;yes&#8221; css=&#8221;.vc_custom_1597239132593{margin-top: 40px !important;padding-bottom: 60px !important;}&#8221;][vc_column][vc_custom_heading text=&#8221;Bizimle \u0130leti\u015fime Ge\u00e7&#8221; font_container=&#8221;tag:h2|font_size:1.8em|text_align:center|line_height:1&#8243; use_theme_fonts=&#8221;yes&#8221; el_class=&#8221;mb-3&#8243;][\/vc_column][\/vc_row]<\/p>\n","protected":false},"author":1,"featured_media":0,"parent":0,"menu_order":0,"comment_status":"closed","ping_status":"closed","template":"","meta":[],"_links":{"self":[{"href":"https:\/\/araloptik.com\/index.php\/wp-json\/wp\/v2\/pages\/41"}],"collection":[{"href":"https:\/\/araloptik.com\/index.php\/wp-json\/wp\/v2\/pages"}],"about":[{"href":"https:\/\/araloptik.com\/index.php\/wp-json\/wp\/v2\/types\/page"}],"author":[{"embeddable":true,"href":"https:\/\/araloptik.com\/index.php\/wp-json\/wp\/v2\/users\/1"}],"replies":[{"embeddable":true,"href":"https:\/\/araloptik.com\/index.php\/wp-json\/wp\/v2\/comments?post=41"}],"version-history":[{"count":17,"href":"https:\/\/araloptik.com\/index.php\/wp-json\/wp\/v2\/pages\/41\/revisions"}],"predecessor-version":[{"id":434,"href":"https:\/\/araloptik.com\/index.php\/wp-json\/wp\/v2\/pages\/41\/revisions\/434"}],"wp:attachment":[{"href":"https:\/\/araloptik.com\/index.php\/wp-json\/wp\/v2\/media?parent=41"}],"curies":[{"name":"wp","href":"https:\/\/api.w.org\/{rel}","templated":true}]}}